{"id":89,"date":"2025-05-14T13:58:22","date_gmt":"2025-05-14T13:58:22","guid":{"rendered":"https:\/\/www.artedever.cl\/?page_id=89"},"modified":"2025-05-19T21:17:23","modified_gmt":"2025-05-19T21:17:23","slug":"artista","status":"publish","type":"page","link":"https:\/\/www.artedever.cl\/index.php\/artista\/","title":{"rendered":"Artista"},"content":{"rendered":"<div data-colibri-id=\"89-c1\" class=\"style-288 style-local-89-c1 position-relative\">\n  <!---->\n  <div data-colibri-component=\"section\" data-colibri-id=\"89-c2\" id=\"custom-2\" class=\"h-section h-section-global-spacing d-flex align-items-lg-center align-items-md-center align-items-center style-293 style-local-89-c2 position-relative\">\n    <div class=\"background-wrapper\">\n      <div class=\"background-layer background-layer-media-container-lg\">\n        <!---->\n        <div class=\"overlay-layer\">\n          <div class=\"overlay-image-layer\" style=\"background-color: rgb(0, 0, 0); opacity: 0.18;\"><\/div>\n        <\/div>\n      <\/div>\n      <div class=\"background-layer background-layer-media-container-md\">\n        <!---->\n        <div class=\"overlay-layer\">\n          <div class=\"overlay-image-layer\" style=\"background-color: rgb(0, 0, 0); opacity: 0.18;\"><\/div>\n        <\/div>\n      <\/div>\n      <div class=\"background-layer background-layer-media-container\">\n        <!---->\n        <div class=\"overlay-layer\">\n          <div class=\"overlay-image-layer\" style=\"background-color: rgb(0, 0, 0); opacity: 0.18;\"><\/div>\n        <\/div>\n      <\/div>\n    <\/div>\n    <!---->\n    <div class=\"h-section-grid-container h-section-boxed-container\">\n      <!---->\n      <div data-colibri-id=\"89-c3\" class=\"h-row-container gutters-row-lg-2 gutters-row-md-2 gutters-row-0 gutters-row-v-lg-2 gutters-row-v-md-2 gutters-row-v-2 style-301 style-local-89-c3 position-relative\">\n        <!---->\n        <div class=\"h-row justify-content-lg-center justify-content-md-center justify-content-center align-items-lg-stretch align-items-md-stretch align-items-stretch gutters-col-lg-2 gutters-col-md-2 gutters-col-0 gutters-col-v-lg-2 gutters-col-v-md-2 gutters-col-v-2\">\n          <!---->\n          <div class=\"h-column h-column-container d-flex h-col-lg-auto h-col-md-auto h-col-auto style-302-outer style-local-89-c4-outer\">\n            <div data-colibri-id=\"89-c4\" class=\"d-flex h-flex-basis h-column__inner h-px-lg-2 h-px-md-2 h-px-2 v-inner-lg-2 v-inner-md-2 v-inner-2 style-302 style-local-89-c4 position-relative\">\n              <!---->\n              <!---->\n              <div class=\"w-100 h-y-container h-column__content h-column__v-align flex-basis-100 align-self-lg-start align-self-md-start align-self-start\">\n                <!---->\n                <div data-colibri-id=\"89-c5\" class=\"h-global-transition-all h-heading style-303 style-local-89-c5 position-relative h-element\">\n                  <!---->\n                  <div class=\"h-heading__outer style-303 style-local-89-c5\">\n                    <!---->\n                    <!---->\n                    <h1 class=\"\"><span style=\"color: rgb(253, 150, 0);\">Sobre la Artista<\/span><\/h1>\n                  <\/div>\n                <\/div>\n              <\/div>\n            <\/div>\n          <\/div>\n        <\/div>\n      <\/div>\n      <div data-colibri-id=\"89-c6\" class=\"h-row-container gutters-row-lg-2 gutters-row-md-2 gutters-row-0 gutters-row-v-lg-2 gutters-row-v-md-2 gutters-row-v-2 style-304 style-local-89-c6 position-relative\">\n        <!---->\n        <div class=\"h-row justify-content-lg-center justify-content-md-center justify-content-center align-items-lg-stretch align-items-md-stretch align-items-stretch gutters-col-lg-2 gutters-col-md-2 gutters-col-0 gutters-col-v-lg-2 gutters-col-v-md-2 gutters-col-v-2\">\n          <!---->\n          <div class=\"h-column h-column-container d-flex h-col-lg-auto h-col-md-auto h-col-auto style-305-outer style-local-89-c7-outer\">\n            <div data-colibri-id=\"89-c7\" class=\"d-flex h-flex-basis h-column__inner h-px-lg-2 h-px-md-2 h-px-2 v-inner-lg-2 v-inner-md-2 v-inner-2 style-305 style-local-89-c7 position-relative\">\n              <!---->\n              <!---->\n              <div class=\"w-100 h-y-container h-column__content h-column__v-align flex-basis-100 align-self-lg-start align-self-md-start align-self-start\">\n                <!---->\n                <div data-colibri-id=\"89-c8\" class=\"d-block style-306 style-local-89-c8 position-relative h-element\">\n                  <!---->\n                  <div class=\"h-image__frame-container-outer\">\n                    <div class=\"h-image__frame-container\">\n                      <!---->\n                      <!---->\n                      <img decoding=\"async\" width=\"1197\" height=\"1199\" data-src=\"https:\/\/www.artedever.cl\/wp-content\/uploads\/2025\/05\/cropped-cropped-Catalina-Jeldres-Artista.jpeg\" class=\"wp-image-405 style-306-image style-local-89-c8-image lazyload\" alt=\"La artista Catalina Jeldres\" data-srcset=\"https:\/\/www.artedever.cl\/wp-content\/uploads\/2025\/05\/cropped-cropped-Catalina-Jeldres-Artista.jpeg 1197w, https:\/\/www.artedever.cl\/wp-content\/uploads\/2025\/05\/cropped-cropped-Catalina-Jeldres-Artista-300x300.jpeg 300w, https:\/\/www.artedever.cl\/wp-content\/uploads\/2025\/05\/cropped-cropped-Catalina-Jeldres-Artista-1022x1024.jpeg 1022w, https:\/\/www.artedever.cl\/wp-content\/uploads\/2025\/05\/cropped-cropped-Catalina-Jeldres-Artista-150x150.jpeg 150w, https:\/\/www.artedever.cl\/wp-content\/uploads\/2025\/05\/cropped-cropped-Catalina-Jeldres-Artista-768x769.jpeg 768w\" data-sizes=\"(max-width: 1197px) 100vw, 1197px\" src=\"data:image\/gif;base64,R0lGODlhAQABAAAAACH5BAEKAAEALAAAAAABAAEAAAICTAEAOw==\" style=\"--smush-placeholder-width: 1197px; --smush-placeholder-aspect-ratio: 1197\/1199;\" \/>\n                      <div class=\"h-image__frame h-hide-lg h-hide-md h-hide-sm style-306-frameImage style-local-89-c8-frameImage\"><\/div>\n                    <\/div>\n                  <\/div>\n                <\/div>\n              <\/div>\n            <\/div>\n          <\/div>\n        <\/div>\n      <\/div>\n      <div data-colibri-id=\"89-c9\" class=\"h-row-container gutters-row-lg-2 gutters-row-md-2 gutters-row-0 gutters-row-v-lg-2 gutters-row-v-md-2 gutters-row-v-2 style-294 style-local-89-c9 position-relative\">\n        <!---->\n        <div class=\"h-row justify-content-lg-center justify-content-md-center justify-content-center align-items-lg-stretch align-items-md-stretch align-items-stretch gutters-col-lg-2 gutters-col-md-2 gutters-col-0 gutters-col-v-lg-2 gutters-col-v-md-2 gutters-col-v-2\">\n          <!---->\n          <div class=\"h-column h-column-container d-flex h-col-lg-auto h-col-md-auto h-col-auto style-295-outer style-local-89-c10-outer\">\n            <div data-colibri-id=\"89-c10\" class=\"d-flex h-flex-basis h-column__inner h-px-lg-2 h-px-md-2 h-px-2 v-inner-lg-2 v-inner-md-2 v-inner-2 style-295 style-local-89-c10 position-relative\">\n              <!---->\n              <!---->\n              <div class=\"w-100 h-y-container h-column__content h-column__v-align flex-basis-100 align-self-lg-start align-self-md-start align-self-start\">\n                <!---->\n                <div data-colibri-id=\"89-c11\" class=\"h-text h-text-component style-296 style-local-89-c11 position-relative h-element\">\n                  <!---->\n                  <!---->\n                  <div class=\"\">\n                    <p><span style=\"color: rgb(247, 165, 7);\">\u00abMi nombre es Catalina Jeldres, pintora chilena con m\u00e1s de dos d\u00e9cadas de b\u00fasqueda incesante en el lienzo. Aunque cuando ni\u00f1a no me entusiasmaba la clase de arte porque sent\u00eda que era mala, de adulta le di una segunda oportunidad. Y fue aqu\u00ed donde no solo entend\u00ed que pod\u00eda mejorar, sino que descubr\u00ed que un solo trazo pod\u00eda contar lo que las palabras no pod\u00edan \u2014 y desde entonces lo he hecho de incesantemente. Pinto porque, al hacerlo, la vida encuentra un ritmo m\u00e1s lento y cada emoci\u00f3n halla su forma.<\/span><\/p>\n                    <p><span style=\"color: rgb(247, 165, 7);\">Te invito a que entres con calma.<br> No pases la mirada de prisa; <\/span><strong style=\"color: rgb(247, 165, 7);\">detente<\/strong><span style=\"color: rgb(247, 165, 7);\">.<br> Respira.<br> Deja que el cuadro te devuelva la atenci\u00f3n y revele algo tuyo que quiz\u00e1 hab\u00edas olvidado.<br> Observa las texturas; escucha el silencio entre l\u00edneas; siente c\u00f3mo el color te mira de vuelta.<\/span><\/p>\n                    <p><span style=\"color: rgb(247, 165, 7);\">Esta p\u00e1gina no fue concebida para deslizar sin pensar, sino para honrar cada obra con tu presencia. Si concedes un minuto m\u00e1s a cada pintura\u2014un minuto de mirada atenta, de respiraci\u00f3n consciente\u2014descubrir\u00e1s que los cuadros no s\u00f3lo se observan: <\/span>\n                      <strong\n                        style=\"color: rgb(247, 165, 7);\">se habitan<\/strong><span style=\"color: rgb(247, 165, 7);\">.<\/span><\/p>\n                    <p><span style=\"color: rgb(247, 165, 7);\">Gracias por concederle al arte ese tiempo extraordinario que casi nunca nos damos.<br> Que la experiencia te abrace con la misma calma con la que fue creada.\u00bb<\/span><\/p>\n                    <p>\n                      <br>\n                    <\/p>\n                    <p>\n                      <br>\n                    <\/p>\n                  <\/div>\n                <\/div>\n              <\/div>\n            <\/div>\n          <\/div>\n        <\/div>\n      <\/div>\n    <\/div>\n  <\/div>\n<\/div>","protected":false},"excerpt":{"rendered":"<p>Sobre la Artista \u00abMi nombre es Catalina Jeldres, pintora chilena con m\u00e1s de dos d\u00e9cadas de b\u00fasqueda incesante en el lienzo. Aunque cuando ni\u00f1a no me entusiasmaba la clase de arte porque sent\u00eda que era mala, de adulta le di una segunda oportunidad. Y fue aqu\u00ed donde no solo entend\u00ed que pod\u00eda mejorar, sino que [&hellip;]<\/p>\n","protected":false},"author":1,"featured_media":0,"parent":0,"menu_order":0,"comment_status":"closed","ping_status":"closed","template":"page-templates\/full-width-page.php","meta":{"footnotes":""},"class_list":["post-89","page","type-page","status-publish","hentry"],"yoast_head":"<!-- This site is optimized with the Yoast SEO plugin v25.1 - https:\/\/yoast.com\/wordpress\/plugins\/seo\/ -->\n<title>Artista - Arte de Ver<\/title>\n<meta name=\"robots\" content=\"index, follow, max-snippet:-1, max-image-preview:large, max-video-preview:-1\" \/>\n<link rel=\"canonical\" href=\"https:\/\/www.artedever.cl\/index.php\/artista\/\" \/>\n<meta property=\"og:locale\" content=\"es_ES\" \/>\n<meta property=\"og:type\" content=\"article\" \/>\n<meta property=\"og:title\" content=\"Artista - Arte de Ver\" \/>\n<meta property=\"og:description\" content=\"Sobre la Artista \u00abMi nombre es Catalina Jeldres, pintora chilena con m\u00e1s de dos d\u00e9cadas de b\u00fasqueda incesante en el lienzo. Aunque cuando ni\u00f1a no me entusiasmaba la clase de arte porque sent\u00eda que era mala, de adulta le di una segunda oportunidad. Y fue aqu\u00ed donde no solo entend\u00ed que pod\u00eda mejorar, sino que [&hellip;]\" \/>\n<meta property=\"og:url\" content=\"https:\/\/www.artedever.cl\/index.php\/artista\/\" \/>\n<meta property=\"og:site_name\" content=\"Arte de Ver\" \/>\n<meta property=\"article:modified_time\" content=\"2025-05-19T21:17:23+00:00\" \/>\n<meta property=\"og:image\" content=\"https:\/\/www.artedever.cl\/wp-content\/uploads\/2025\/05\/cropped-cropped-Catalina-Jeldres-Artista.jpeg\" \/>\n\t<meta property=\"og:image:width\" content=\"1197\" \/>\n\t<meta property=\"og:image:height\" content=\"1199\" \/>\n\t<meta property=\"og:image:type\" content=\"image\/jpeg\" \/>\n<meta name=\"twitter:card\" content=\"summary_large_image\" \/>\n<script type=\"application\/ld+json\" class=\"yoast-schema-graph\">{\"@context\":\"https:\/\/schema.org\",\"@graph\":[{\"@type\":\"WebPage\",\"@id\":\"https:\/\/www.artedever.cl\/index.php\/artista\/\",\"url\":\"https:\/\/www.artedever.cl\/index.php\/artista\/\",\"name\":\"Artista - Arte de Ver\",\"isPartOf\":{\"@id\":\"https:\/\/www.artedever.cl\/#website\"},\"primaryImageOfPage\":{\"@id\":\"https:\/\/www.artedever.cl\/index.php\/artista\/#primaryimage\"},\"image\":{\"@id\":\"https:\/\/www.artedever.cl\/index.php\/artista\/#primaryimage\"},\"thumbnailUrl\":\"https:\/\/www.artedever.cl\/wp-content\/uploads\/2025\/05\/cropped-cropped-Catalina-Jeldres-Artista.jpeg\",\"datePublished\":\"2025-05-14T13:58:22+00:00\",\"dateModified\":\"2025-05-19T21:17:23+00:00\",\"breadcrumb\":{\"@id\":\"https:\/\/www.artedever.cl\/index.php\/artista\/#breadcrumb\"},\"inLanguage\":\"es\",\"potentialAction\":[{\"@type\":\"ReadAction\",\"target\":[\"https:\/\/www.artedever.cl\/index.php\/artista\/\"]}]},{\"@type\":\"ImageObject\",\"inLanguage\":\"es\",\"@id\":\"https:\/\/www.artedever.cl\/index.php\/artista\/#primaryimage\",\"url\":\"https:\/\/www.artedever.cl\/wp-content\/uploads\/2025\/05\/cropped-cropped-Catalina-Jeldres-Artista.jpeg\",\"contentUrl\":\"https:\/\/www.artedever.cl\/wp-content\/uploads\/2025\/05\/cropped-cropped-Catalina-Jeldres-Artista.jpeg\",\"width\":1197,\"height\":1199,\"caption\":\"La artista Catalina Jeldres\"},{\"@type\":\"BreadcrumbList\",\"@id\":\"https:\/\/www.artedever.cl\/index.php\/artista\/#breadcrumb\",\"itemListElement\":[{\"@type\":\"ListItem\",\"position\":1,\"name\":\"Portada\",\"item\":\"https:\/\/www.artedever.cl\/\"},{\"@type\":\"ListItem\",\"position\":2,\"name\":\"Artista\"}]},{\"@type\":\"WebSite\",\"@id\":\"https:\/\/www.artedever.cl\/#website\",\"url\":\"https:\/\/www.artedever.cl\/\",\"name\":\"Arte de Ver\",\"description\":\"Arte para los Sentidos\",\"publisher\":{\"@id\":\"https:\/\/www.artedever.cl\/#organization\"},\"potentialAction\":[{\"@type\":\"SearchAction\",\"target\":{\"@type\":\"EntryPoint\",\"urlTemplate\":\"https:\/\/www.artedever.cl\/?s={search_term_string}\"},\"query-input\":{\"@type\":\"PropertyValueSpecification\",\"valueRequired\":true,\"valueName\":\"search_term_string\"}}],\"inLanguage\":\"es\"},{\"@type\":\"Organization\",\"@id\":\"https:\/\/www.artedever.cl\/#organization\",\"name\":\"Arte de Ver\",\"url\":\"https:\/\/www.artedever.cl\/\",\"logo\":{\"@type\":\"ImageObject\",\"inLanguage\":\"es\",\"@id\":\"https:\/\/www.artedever.cl\/#\/schema\/logo\/image\/\",\"url\":\"https:\/\/www.artedever.cl\/wp-content\/uploads\/2025\/05\/cropped-Arte-de-Ver.png\",\"contentUrl\":\"https:\/\/www.artedever.cl\/wp-content\/uploads\/2025\/05\/cropped-Arte-de-Ver.png\",\"width\":747,\"height\":581,\"caption\":\"Arte de Ver\"},\"image\":{\"@id\":\"https:\/\/www.artedever.cl\/#\/schema\/logo\/image\/\"}}]}<\/script>\n<!-- \/ Yoast SEO plugin. -->","yoast_head_json":{"title":"Artista - Arte de Ver","robots":{"index":"index","follow":"follow","max-snippet":"max-snippet:-1","max-image-preview":"max-image-preview:large","max-video-preview":"max-video-preview:-1"},"canonical":"https:\/\/www.artedever.cl\/index.php\/artista\/","og_locale":"es_ES","og_type":"article","og_title":"Artista - Arte de Ver","og_description":"Sobre la Artista \u00abMi nombre es Catalina Jeldres, pintora chilena con m\u00e1s de dos d\u00e9cadas de b\u00fasqueda incesante en el lienzo. Aunque cuando ni\u00f1a no me entusiasmaba la clase de arte porque sent\u00eda que era mala, de adulta le di una segunda oportunidad. Y fue aqu\u00ed donde no solo entend\u00ed que pod\u00eda mejorar, sino que [&hellip;]","og_url":"https:\/\/www.artedever.cl\/index.php\/artista\/","og_site_name":"Arte de Ver","article_modified_time":"2025-05-19T21:17:23+00:00","og_image":[{"width":1197,"height":1199,"url":"https:\/\/www.artedever.cl\/wp-content\/uploads\/2025\/05\/cropped-cropped-Catalina-Jeldres-Artista.jpeg","type":"image\/jpeg"}],"twitter_card":"summary_large_image","schema":{"@context":"https:\/\/schema.org","@graph":[{"@type":"WebPage","@id":"https:\/\/www.artedever.cl\/index.php\/artista\/","url":"https:\/\/www.artedever.cl\/index.php\/artista\/","name":"Artista - Arte de Ver","isPartOf":{"@id":"https:\/\/www.artedever.cl\/#website"},"primaryImageOfPage":{"@id":"https:\/\/www.artedever.cl\/index.php\/artista\/#primaryimage"},"image":{"@id":"https:\/\/www.artedever.cl\/index.php\/artista\/#primaryimage"},"thumbnailUrl":"https:\/\/www.artedever.cl\/wp-content\/uploads\/2025\/05\/cropped-cropped-Catalina-Jeldres-Artista.jpeg","datePublished":"2025-05-14T13:58:22+00:00","dateModified":"2025-05-19T21:17:23+00:00","breadcrumb":{"@id":"https:\/\/www.artedever.cl\/index.php\/artista\/#breadcrumb"},"inLanguage":"es","potentialAction":[{"@type":"ReadAction","target":["https:\/\/www.artedever.cl\/index.php\/artista\/"]}]},{"@type":"ImageObject","inLanguage":"es","@id":"https:\/\/www.artedever.cl\/index.php\/artista\/#primaryimage","url":"https:\/\/www.artedever.cl\/wp-content\/uploads\/2025\/05\/cropped-cropped-Catalina-Jeldres-Artista.jpeg","contentUrl":"https:\/\/www.artedever.cl\/wp-content\/uploads\/2025\/05\/cropped-cropped-Catalina-Jeldres-Artista.jpeg","width":1197,"height":1199,"caption":"La artista Catalina Jeldres"},{"@type":"BreadcrumbList","@id":"https:\/\/www.artedever.cl\/index.php\/artista\/#breadcrumb","itemListElement":[{"@type":"ListItem","position":1,"name":"Portada","item":"https:\/\/www.artedever.cl\/"},{"@type":"ListItem","position":2,"name":"Artista"}]},{"@type":"WebSite","@id":"https:\/\/www.artedever.cl\/#website","url":"https:\/\/www.artedever.cl\/","name":"Arte de Ver","description":"Arte para los Sentidos","publisher":{"@id":"https:\/\/www.artedever.cl\/#organization"},"potentialAction":[{"@type":"SearchAction","target":{"@type":"EntryPoint","urlTemplate":"https:\/\/www.artedever.cl\/?s={search_term_string}"},"query-input":{"@type":"PropertyValueSpecification","valueRequired":true,"valueName":"search_term_string"}}],"inLanguage":"es"},{"@type":"Organization","@id":"https:\/\/www.artedever.cl\/#organization","name":"Arte de Ver","url":"https:\/\/www.artedever.cl\/","logo":{"@type":"ImageObject","inLanguage":"es","@id":"https:\/\/www.artedever.cl\/#\/schema\/logo\/image\/","url":"https:\/\/www.artedever.cl\/wp-content\/uploads\/2025\/05\/cropped-Arte-de-Ver.png","contentUrl":"https:\/\/www.artedever.cl\/wp-content\/uploads\/2025\/05\/cropped-Arte-de-Ver.png","width":747,"height":581,"caption":"Arte de Ver"},"image":{"@id":"https:\/\/www.artedever.cl\/#\/schema\/logo\/image\/"}}]}},"_links":{"self":[{"href":"https:\/\/www.artedever.cl\/index.php\/wp-json\/wp\/v2\/pages\/89","targetHints":{"allow":["GET"]}}],"collection":[{"href":"https:\/\/www.artedever.cl\/index.php\/wp-json\/wp\/v2\/pages"}],"about":[{"href":"https:\/\/www.artedever.cl\/index.php\/wp-json\/wp\/v2\/types\/page"}],"author":[{"embeddable":true,"href":"https:\/\/www.artedever.cl\/index.php\/wp-json\/wp\/v2\/users\/1"}],"replies":[{"embeddable":true,"href":"https:\/\/www.artedever.cl\/index.php\/wp-json\/wp\/v2\/comments?post=89"}],"version-history":[{"count":12,"href":"https:\/\/www.artedever.cl\/index.php\/wp-json\/wp\/v2\/pages\/89\/revisions"}],"predecessor-version":[{"id":450,"href":"https:\/\/www.artedever.cl\/index.php\/wp-json\/wp\/v2\/pages\/89\/revisions\/450"}],"wp:attachment":[{"href":"https:\/\/www.artedever.cl\/index.php\/wp-json\/wp\/v2\/media?parent=89"}],"curies":[{"name":"wp","href":"https:\/\/api.w.org\/{rel}","templated":true}]}}